{"id":58,"date":"2021-08-05T16:13:00","date_gmt":"2021-08-05T16:13:00","guid":{"rendered":"https:\/\/matiasbrunacci.com\/wordpress\/?page_id=58"},"modified":"2021-08-09T14:02:38","modified_gmt":"2021-08-09T14:02:38","slug":"team","status":"publish","type":"page","link":"https:\/\/vsow.eu\/de\/team\/","title":{"rendered":"Team"},"content":{"rendered":"<figure class=\"wp-block-image size-large\"><img loading=\"lazy\" decoding=\"async\" width=\"1024\" height=\"395\" src=\"https:\/\/matiasbrunacci.com\/wordpress\/wp-content\/uploads\/2021\/08\/teamfotoimage1-1-1024x395.jpg\" alt=\"\" class=\"wp-image-49\" srcset=\"https:\/\/vsow.eu\/wp-content\/uploads\/2021\/08\/teamfotoimage1-1-1024x395.jpg 1024w, https:\/\/vsow.eu\/wp-content\/uploads\/2021\/08\/teamfotoimage1-1-300x116.jpg 300w, https:\/\/vsow.eu\/wp-content\/uploads\/2021\/08\/teamfotoimage1-1-768x296.jpg 768w, https:\/\/vsow.eu\/wp-content\/uploads\/2021\/08\/teamfotoimage1-1.jpg 1500w\" sizes=\"auto, (max-width: 1024px) 100vw, 1024px\" \/><\/figure>\n\n\n\n<p>VSOW ist ein Team junger Umweltsch\u00fctzer*innen, Aktivist*innen und K\u00fcnstler*innen. Wir haben vielf\u00e4ltige professionelle Hintergr\u00fcnde und praktischen Erfahrungen in verschiedenen (inter-)nationalen Organisationen. Unser Team hat Wurzeln in Medien, investigativem Journalismus, der akademischen Welt und Bildung f\u00fcr nachhaltige Entwicklung. Wir sind Zeug*innen geworden von \u00f6kologischer, sozialer und \u00f6konomischer Ungerechtigkeit auf lokaler und globaler Ebene und wir arbeiten daf\u00fcr, die Verbindungen zwischen ihnen zu verstehen und zu kommunizieren. Pers\u00f6nlich bewegt uns das Schaffen optimistischer Alternativen und wir streben gemeinsam danach, sozial-\u00f6kologische Transformationen aktiv mitzugestalten und positive Nachrichten in die Welt zu setzen.<\/p>","protected":false},"excerpt":{"rendered":"<p>VSOW ist ein Team junger Umweltsch\u00fctzer*innen, Aktivist*innen und K\u00fcnstler*innen. Wir haben vielf\u00e4ltige professionelle Hintergr\u00fcnde und praktischen Erfahrungen in verschiedenen (inter-)nationalen Organisationen. Unser Team hat Wurzeln in Medien, investigativem Journalismus, der akademischen Welt und Bildung f\u00fcr nachhaltige Entwicklung. Wir sind Zeug*innen geworden von \u00f6kologischer, sozialer und \u00f6konomischer Ungerechtigkeit auf lokaler und globaler Ebene und wir arbeiten daf\u00fcr, die Verbindungen zwischen ihnen zu verstehen und zu kommunizieren. Pers\u00f6nlich bewegt uns das Schaffen optimistischer Alternativen und wir streben gemeinsam danach, sozial-\u00f6kologische Transformationen aktiv mitzugestalten und positive Nachrichten in die Welt zu setzen.<\/p>","protected":false},"author":1,"featured_media":0,"parent":0,"menu_order":2,"comment_status":"closed","ping_status":"closed","template":"","meta":{"footnotes":""},"class_list":["post-58","page","type-page","status-publish"],"_links":{"self":[{"href":"https:\/\/vsow.eu\/de\/wp-json\/wp\/v2\/pages\/58","targetHints":{"allow":["GET"]}}],"collection":[{"href":"https:\/\/vsow.eu\/de\/wp-json\/wp\/v2\/pages"}],"about":[{"href":"https:\/\/vsow.eu\/de\/wp-json\/wp\/v2\/types\/page"}],"author":[{"embeddable":true,"href":"https:\/\/vsow.eu\/de\/wp-json\/wp\/v2\/users\/1"}],"replies":[{"embeddable":true,"href":"https:\/\/vsow.eu\/de\/wp-json\/wp\/v2\/comments?post=58"}],"version-history":[{"count":4,"href":"https:\/\/vsow.eu\/de\/wp-json\/wp\/v2\/pages\/58\/revisions"}],"predecessor-version":[{"id":102,"href":"https:\/\/vsow.eu\/de\/wp-json\/wp\/v2\/pages\/58\/revisions\/102"}],"wp:attachment":[{"href":"https:\/\/vsow.eu\/de\/wp-json\/wp\/v2\/media?parent=58"}],"curies":[{"name":"wp","href":"https:\/\/api.w.org\/{rel}","templated":true}]}}