{"id":56,"date":"2021-08-05T16:12:19","date_gmt":"2021-08-05T16:12:19","guid":{"rendered":"https:\/\/matiasbrunacci.com\/wordpress\/?page_id=56"},"modified":"2021-12-14T17:43:17","modified_gmt":"2021-12-14T17:43:17","slug":"about","status":"publish","type":"page","link":"https:\/\/vsow.eu\/de\/","title":{"rendered":"\u00dcber uns"},"content":{"rendered":"<div data-elementor-type=\"wp-page\" data-elementor-id=\"56\" class=\"elementor elementor-56\" data-elementor-settings=\"[]\">\n\t\t\t\t\t\t\t<div class=\"elementor-section-wrap\">\n\t\t\t\t\t\t\t<section class=\"elementor-section elementor-top-section elementor-element elementor-element-a8d678c elementor-section-boxed elementor-section-height-default elementor-section-height-default\" data-id=\"a8d678c\" data-element_type=\"section\">\n\t\t\t\t\t\t<div class=\"elementor-container elementor-column-gap-default\">\n\t\t\t\t\t<div class=\"elementor-column elementor-col-100 elementor-top-column elementor-element elementor-element-eb8d765\" data-id=\"eb8d765\" data-element_type=\"column\">\n\t\t\t<div class=\"elementor-widget-wrap elementor-element-populated\">\n\t\t\t\t\t\t\t\t<div class=\"elementor-element elementor-element-e25f53e elementor-widget elementor-widget-image\" data-id=\"e25f53e\" data-element_type=\"widget\" data-widget_type=\"image.default\">\n\t\t\t\t<div class=\"elementor-widget-container\">\n\t\t\t\t\t\t\t\t\t\t\t\t\t\t\t<img loading=\"lazy\" decoding=\"async\" width=\"600\" height=\"150\" src=\"https:\/\/vsow.eu\/wp-content\/uploads\/2021\/12\/Header-mail3.png\" class=\"attachment-large size-large\" alt=\"\" srcset=\"https:\/\/vsow.eu\/wp-content\/uploads\/2021\/12\/Header-mail3.png 600w, https:\/\/vsow.eu\/wp-content\/uploads\/2021\/12\/Header-mail3-300x75.png 300w, https:\/\/vsow.eu\/wp-content\/uploads\/2021\/12\/Header-mail3-18x5.png 18w\" sizes=\"auto, (max-width: 600px) 100vw, 600px\" \/>\t\t\t\t\t\t\t\t\t\t\t\t\t\t\t<\/div>\n\t\t\t\t<\/div>\n\t\t\t\t\t<\/div>\n\t\t<\/div>\n\t\t\t\t\t\t\t<\/div>\n\t\t<\/section>\n\t\t\t\t<section class=\"elementor-section elementor-top-section elementor-element elementor-element-66c79ee elementor-section-boxed elementor-section-height-default elementor-section-height-default\" data-id=\"66c79ee\" data-element_type=\"section\">\n\t\t\t\t\t\t<div class=\"elementor-container elementor-column-gap-default\">\n\t\t\t\t\t<div class=\"elementor-column elementor-col-100 elementor-top-column elementor-element elementor-element-99fa154\" data-id=\"99fa154\" data-element_type=\"column\">\n\t\t\t<div class=\"elementor-widget-wrap elementor-element-populated\">\n\t\t\t\t\t\t\t\t<div class=\"elementor-element elementor-element-2209990 elementor-widget elementor-widget-spacer\" data-id=\"2209990\" data-element_type=\"widget\" data-widget_type=\"spacer.default\">\n\t\t\t\t<div class=\"elementor-widget-container\">\n\t\t\t\t\t<div class=\"elementor-spacer\">\n\t\t\t<div class=\"elementor-spacer-inner\"><\/div>\n\t\t<\/div>\n\t\t\t\t<\/div>\n\t\t\t\t<\/div>\n\t\t\t\t\t<\/div>\n\t\t<\/div>\n\t\t\t\t\t\t\t<\/div>\n\t\t<\/section>\n\t\t\t\t<section class=\"elementor-section elementor-top-section elementor-element elementor-element-5fadff3a elementor-section-boxed elementor-section-height-default elementor-section-height-default\" data-id=\"5fadff3a\" data-element_type=\"section\">\n\t\t\t\t\t\t<div class=\"elementor-container elementor-column-gap-default\">\n\t\t\t\t\t<div class=\"elementor-column elementor-col-100 elementor-top-column elementor-element elementor-element-38ed1256\" data-id=\"38ed1256\" data-element_type=\"column\">\n\t\t\t<div class=\"elementor-widget-wrap elementor-element-populated\">\n\t\t\t\t\t\t\t\t<div class=\"elementor-element elementor-element-3976165b elementor-widget elementor-widget-text-editor\" data-id=\"3976165b\" data-element_type=\"widget\" data-widget_type=\"text-editor.default\">\n\t\t\t\t<div class=\"elementor-widget-container\">\n\t\t\t\t\t\t\t<p><!-- wp:paragraph --><\/p>\n<p>VSOW ist ein Verein mit dem Ziel Prozesse des sozial-\u00f6kologischen Wandels zu gestalten. Wir initiieren und begleiten Aktionen im Bereich Aufforstung, Recherche&amp;Medien sowie Ausstellungen und Filmproduktionen. Neuerdingss erweitern wir unseren Aktionsrahmen unter dem Stichwort \u201cAdvocacy\u201d, indem wir uns f\u00fcr die Entwicklung und Implementierung von Richtlinien f\u00fcr internationale Finanzinstitutionen einsetzen zum Zweck des Umweltschutzes und zum Schutz von betroffenen Gemeinden.<\/p>\n<p><!-- \/wp:paragraph --><\/p>\n<p><!-- wp:paragraph --><\/p>\n<p>Wir verfolgen unter anderem folgende Zwecke:<\/p>\n<p><!-- \/wp:paragraph --><\/p>\n<p><!-- wp:list --><\/p>\n<ul>\n<li>Die F\u00f6rderung des Naturschutzes durch die Wiederherstellung und Sicherung von Wald\u00f6kosystemen, insbesondere unter dem Aspekt des Klimawandels.<\/li>\n<li>Aufbau und Unterst\u00fctzung internationaler Netzwerke und Zusammenarbeit im Bereich Recherche&amp;Medien mit relevanten Akteuren an der Basis der sozial-\u00f6kologischen Transformationen und dem Fokus auf zivilgesellschaftliche Netzwerke.<\/li>\n<li>Gestalten von Bildungsprozessen, insbesondere im Bereich Waldschutz und Wiederherstellung von Wald\u00f6kosystemen durch Informierung der \u00d6ffentlichkeit und praktische T\u00e4tigkeiten zu den Themen der sozial-\u00f6kologischen Transformationen.<\/li>\n<li>Inspiration und Umsetzung von Kunstprojekten im Themenfeld Nachhaltigkeit.<\/li>\n<li>Lobbyarbeit und F\u00fcrsprache f\u00fcr die Entwicklung und Implementierung von Richtlinien f\u00fcr internationale Finanzinstitutionen zum Zwecke des Umweltschutzes und zum Schutz von Gemeinden, die vom existierenden Mangel an suffizienten Richtlinien betroffen sind. Ein Briefing-Papier, <a href=\"https:\/\/vsow.eu\/de\/s\/Die-AIIB-Transparenz-DE-final.pdf\/\">\u201c<em>Die von Peking-geleitete Asiatische Infrastruktur Investment Bank (AIIB): Globaler F\u00fchrer bei der Finanzierung von Infrastruktur, aber zu welchem Preis?<\/em>\u201d<\/a>, Dr. Korinna Horta und Wawa Wang stellt unsere aktuelle Arbeit in dieser Hinsicht vor.<\/li>\n<\/ul>\n<p><!-- \/wp:list --><\/p>\n<p><!-- wp:paragraph --><\/p>\n<p>Unser Ansatz ist es, Projekte zu pilotieren und dann auf das n\u00e4chste Level zu bringen: von vor Ort im Kleinen bis weltumfassend, immer mit dem Ziel zuverl\u00e4ssige Netzwerke aufzubauen, zwischen Gemeinschaften, Individuen und Profis.\u00a0<\/p>\n<p><!-- \/wp:paragraph --><\/p>\t\t\t\t\t\t<\/div>\n\t\t\t\t<\/div>\n\t\t\t\t\t<\/div>\n\t\t<\/div>\n\t\t\t\t\t\t\t<\/div>\n\t\t<\/section>\n\t\t\t\t\t\t<\/div>\n\t\t\t\t\t<\/div>","protected":false},"excerpt":{"rendered":"<p>VSOW is an association with the overall goal to foster socio-ecological change processes. Our work began in the fields of Reforestation, environmental Research &amp; Media as well as Art Exhibitions and Filmproduction. Recently VSOW is also advocating for the shaping and implementation of policies of international financial institutions for the protection of the environment and the communities that depend on them. Our purposes are among others: The promotion of sustainable forest programs in the context of climate change, through the restoration and protection of forest ecosystems. Building and strengthening international collaborations and networks in research &amp; media with grassroots stakeholders&hellip;<\/p>\n<p> <a class=\"more-link\" href=\"https:\/\/vsow.eu\/de\/\">Read more<\/a><\/p>","protected":false},"author":1,"featured_media":0,"parent":0,"menu_order":1,"comment_status":"closed","ping_status":"closed","template":"","meta":{"footnotes":""},"class_list":["post-56","page","type-page","status-publish"],"_links":{"self":[{"href":"https:\/\/vsow.eu\/de\/wp-json\/wp\/v2\/pages\/56","targetHints":{"allow":["GET"]}}],"collection":[{"href":"https:\/\/vsow.eu\/de\/wp-json\/wp\/v2\/pages"}],"about":[{"href":"https:\/\/vsow.eu\/de\/wp-json\/wp\/v2\/types\/page"}],"author":[{"embeddable":true,"href":"https:\/\/vsow.eu\/de\/wp-json\/wp\/v2\/users\/1"}],"replies":[{"embeddable":true,"href":"https:\/\/vsow.eu\/de\/wp-json\/wp\/v2\/comments?post=56"}],"version-history":[{"count":17,"href":"https:\/\/vsow.eu\/de\/wp-json\/wp\/v2\/pages\/56\/revisions"}],"predecessor-version":[{"id":344,"href":"https:\/\/vsow.eu\/de\/wp-json\/wp\/v2\/pages\/56\/revisions\/344"}],"wp:attachment":[{"href":"https:\/\/vsow.eu\/de\/wp-json\/wp\/v2\/media?parent=56"}],"curies":[{"name":"wp","href":"https:\/\/api.w.org\/{rel}","templated":true}]}}